{"id":1560,"date":"2021-05-11T20:01:51","date_gmt":"2021-05-11T18:01:51","guid":{"rendered":"http:\/\/iwann.uma.es\/?page_id=1560"},"modified":"2022-09-21T12:19:20","modified_gmt":"2022-09-21T10:19:20","slug":"tutorial","status":"publish","type":"page","link":"http:\/\/iwann-old.uma.es\/?page_id=1560","title":{"rendered":"Tutorial"},"content":{"rendered":"\n<h1 class=\"wp-block-heading\">From deep learning to deep understanding: <em>Hands-on introduction to Deep Learning interpretability<\/em><\/h1>\n\n\n\n<h2 class=\"wp-block-heading\"><a href=\"https:\/\/futur.upc.edu\/RaulBenitezIglesias\" target=\"_blank\" rel=\"noreferrer noopener\">Ra\u00fal Ben\u00edtez<\/a>. Universitat Polit\u00e8cnica de Catalunya<\/h2>\n\n\n\n<h2 class=\"wp-block-heading\"><a href=\"https:\/\/conceptosclaros.com\/acerca-de-jordi-olle\/\" target=\"_blank\" rel=\"noreferrer noopener\">Jordi Oll\u00e9<\/a>. conceptosclaros.com<\/h2>\n\n\n<div class=\"wp-block-image\">\n<figure class=\"aligncenter size-full\"><img decoding=\"async\" loading=\"lazy\" width=\"855\" height=\"849\" src=\"http:\/\/iwann-old.uma.es\/wp-content\/uploads\/tutorial-figure-1.png\" alt=\"\" class=\"wp-image-1913\" srcset=\"http:\/\/iwann-old.uma.es\/wp-content\/uploads\/tutorial-figure-1.png 855w, http:\/\/iwann-old.uma.es\/wp-content\/uploads\/tutorial-figure-1-300x298.png 300w, http:\/\/iwann-old.uma.es\/wp-content\/uploads\/tutorial-figure-1-150x150.png 150w, http:\/\/iwann-old.uma.es\/wp-content\/uploads\/tutorial-figure-1-174x174.png 174w\" sizes=\"(max-width: 855px) 100vw, 855px\" \/><figcaption>Examples of interpretability heatmaps (right side panels) showing relevant regions (in red) for a deep learning classifier to correctly predict that the original images correspond to the class &#8216;cat&#8217;<\/figcaption><\/figure><\/div>\n\n\n<p><strong>Abstract<\/strong>: Deep learning has consolidated as the leading approach to automatically recognize complex patterns in digital images. However, although DL models typically provide higher accuracy than traditional machine learning approaches using&nbsp;tailored features, the resulting procedure is difficult to interpret by experts in the field.&nbsp;The aim of this tutorial is to provide a brief introduction to deep learning interpretability methods providing visual explanations of convolutional neural networks. The tutorial will cover state-of-the art post-hoc approaches such as saliency maps, occlusion sensitivity, gradient-based class activation mapping (gradCAM) or Local-Interpretable Model Agnostic explanations (LIME).<\/p>\n\n\n\n<p><strong>Platform and codes<\/strong>: The course will be fully implemented using Python notebooks and the cloud platform Google Colaboratory <a href=\"https:\/\/colab.research.google.com\/\" target=\"_blank\" rel=\"noreferrer noopener\">https:\/\/colab.research.google.com\/<\/a>. Codes will be provided with an open GitHub repository, <a href=\"https:\/\/github.com\/\" target=\"_blank\" rel=\"noreferrer noopener\">https:\/\/github.com\/<\/a><\/p>\n\n\n\n<p><strong>Course duration<\/strong>: 3 hours<\/p>\n\n\n\n<p><strong>Course structure:<\/strong><\/p>\n\n\n\n<ul><li>Introduction to Deep Learning models and interpretability methods (1h presentation)<\/li><li>Hands-on tutorial (2h):<ul><li>How a CNN Works: Feature maps<\/li><li>Basic visual explanations<\/li><li>Comparison and take-home messages<\/li><\/ul><\/li><\/ul>\n","protected":false},"excerpt":{"rendered":"<p>From deep learning to deep understanding: Hands-on introduction to Deep Learning interpretability Ra\u00fal Ben\u00edtez. Universitat Polit\u00e8cnica de Catalunya Jordi Oll\u00e9. conceptosclaros.com Abstract: Deep learning has consolidated as the leading approach to automatically recognize complex patterns in digital images. However, although DL models typically provide higher accuracy than traditional machine learning approaches using&nbsp;tailored features, the resulting <a href=\"http:\/\/iwann-old.uma.es\/?page_id=1560\" rel=\"nofollow\"><span class=\"sr-only\">Read more about Tutorial<\/span>[&hellip;]<\/a><\/p>\n","protected":false},"author":2,"featured_media":0,"parent":0,"menu_order":0,"comment_status":"closed","ping_status":"closed","template":"","meta":[],"_links":{"self":[{"href":"http:\/\/iwann-old.uma.es\/index.php?rest_route=\/wp\/v2\/pages\/1560"}],"collection":[{"href":"http:\/\/iwann-old.uma.es\/index.php?rest_route=\/wp\/v2\/pages"}],"about":[{"href":"http:\/\/iwann-old.uma.es\/index.php?rest_route=\/wp\/v2\/types\/page"}],"author":[{"embeddable":true,"href":"http:\/\/iwann-old.uma.es\/index.php?rest_route=\/wp\/v2\/users\/2"}],"replies":[{"embeddable":true,"href":"http:\/\/iwann-old.uma.es\/index.php?rest_route=%2Fwp%2Fv2%2Fcomments&post=1560"}],"version-history":[{"count":12,"href":"http:\/\/iwann-old.uma.es\/index.php?rest_route=\/wp\/v2\/pages\/1560\/revisions"}],"predecessor-version":[{"id":1917,"href":"http:\/\/iwann-old.uma.es\/index.php?rest_route=\/wp\/v2\/pages\/1560\/revisions\/1917"}],"wp:attachment":[{"href":"http:\/\/iwann-old.uma.es\/index.php?rest_route=%2Fwp%2Fv2%2Fmedia&parent=1560"}],"curies":[{"name":"wp","href":"https:\/\/api.w.org\/{rel}","templated":true}]}}