{"id":1302,"date":"2021-03-30T15:44:18","date_gmt":"2021-03-30T13:44:18","guid":{"rendered":"http:\/\/iwann.uma.es\/2021\/?page_id=1302"},"modified":"2021-03-31T10:01:12","modified_gmt":"2021-03-31T08:01:12","slug":"abstracts11","status":"publish","type":"page","link":"http:\/\/iwann-old.uma.es\/2021\/?page_id=1302","title":{"rendered":"Abstract S11"},"content":{"rendered":"\t\t<div data-elementor-type=\"wp-page\" data-elementor-id=\"1302\" class=\"elementor elementor-1302\" data-elementor-settings=\"[]\">\n\t\t\t\t\t\t<div class=\"elementor-inner\">\n\t\t\t\t\t\t\t<div class=\"elementor-section-wrap\">\n\t\t\t\t\t\t\t<section class=\"elementor-section elementor-top-section elementor-element elementor-element-4e937b3f elementor-section-boxed elementor-section-height-default elementor-section-height-default\" data-id=\"4e937b3f\" data-element_type=\"section\">\n\t\t\t\t\t\t<div class=\"elementor-container elementor-column-gap-default\">\n\t\t\t\t\t\t\t<div class=\"elementor-row\">\n\t\t\t\t\t<div class=\"elementor-column elementor-col-100 elementor-top-column elementor-element elementor-element-3d37367e\" data-id=\"3d37367e\" data-element_type=\"column\">\n\t\t\t<div class=\"elementor-column-wrap elementor-element-populated\">\n\t\t\t\t\t\t\t<div class=\"elementor-widget-wrap\">\n\t\t\t\t\t\t<div class=\"elementor-element elementor-element-7dbb21d2 elementor-widget elementor-widget-text-editor\" data-id=\"7dbb21d2\" data-element_type=\"widget\" data-widget_type=\"text-editor.default\">\n\t\t\t\t<div class=\"elementor-widget-container\">\n\t\t\t\t\t\t\t\t<div class=\"elementor-text-editor elementor-clearfix\">\n\t\t\t\t<h1 style=\"text-align: center;\">S11: Biosignals Processing<\/h1><h2 style=\"text-align: center;\">Antonio Fern\u00e1ndez-Caballero<br \/>Roberto S\u00e1nchez-Reolid<br \/>Beatriz Garc\u00eda-Mart\u00ednez<\/h2><h3 style=\"text-align: center;\">Universidad de Castilla-La Mancha, Spain<\/h3><h2 style=\"text-align: center;\">Abstract<\/h2><p style=\"text-align: justify;\">The human body is a complex electro-mechanical system whose state can be measured through electroencephalography (EEG), electrocardiogram (ECG), electromyography (EMG), photoplethysmography (PPG), skin temperature (SKT), and electrodermal activity (EDA), among others. The acquisition, processing and utilization of these physiological signals becomes essential for the identification of the physical, psychological and cognitive states of the human body. This opens various fields of application in which the use of these signals could be of interest, such as medicine, sports, domestic environment, and interaction with human-computer interfaces. In this sense, recent advances in Artificial Intelligence and Machine Learning techniques can automate the process without the need for human intervention.<\/p><p>This Biosignals Processing session is open, but not limited, to the following topics:<\/p><ul><li>Signal acquisition, analysis and processing<\/li><li>Biosignal preprocessing methods<\/li><li>Motion control<\/li><li>Wearable sensors and systems<\/li><li>Real-time &amp; biomedical user interfaces<\/li><li>Internet of Health Things<\/li><li>Physiological processes and biomedical signal modelling<\/li><li>Bioinspired learning for biomedical data<\/li><li>Pattern recognition &amp; machine learning for biomedical data<\/li><li>Detection and identification of diseases<\/li><\/ul>\t\t\t\t\t<\/div>\n\t\t\t\t\t\t<\/div>\n\t\t\t\t<\/div>\n\t\t\t\t\t\t<\/div>\n\t\t\t\t\t<\/div>\n\t\t<\/div>\n\t\t\t\t\t\t\t\t<\/div>\n\t\t\t\t\t<\/div>\n\t\t<\/section>\n\t\t\t\t\t\t<\/div>\n\t\t\t\t\t\t<\/div>\n\t\t\t\t\t<\/div>\n\t\t","protected":false},"excerpt":{"rendered":"<p>S11: Biosignals Processing Antonio Fern\u00e1ndez-CaballeroRoberto S\u00e1nchez-ReolidBeatriz Garc\u00eda-Mart\u00ednez Universidad de Castilla-La Mancha, Spain Abstract The human body is a complex electro-mechanical system whose state can be measured through electroencephalography (EEG), electrocardiogram (ECG), electromyography (EMG), photoplethysmography (PPG), skin temperature (SKT), and electrodermal activity (EDA), among others. The acquisition, processing and utilization of these physiological signals becomes essential <a href=\"http:\/\/iwann-old.uma.es\/2021\/?page_id=1302\" rel=\"nofollow\"><span class=\"sr-only\">Read more about Abstract S11<\/span>[&hellip;]<\/a><\/p>\n","protected":false},"author":2,"featured_media":0,"parent":0,"menu_order":0,"comment_status":"closed","ping_status":"closed","template":"","meta":[],"_links":{"self":[{"href":"http:\/\/iwann-old.uma.es\/2021\/index.php?rest_route=\/wp\/v2\/pages\/1302"}],"collection":[{"href":"http:\/\/iwann-old.uma.es\/2021\/index.php?rest_route=\/wp\/v2\/pages"}],"about":[{"href":"http:\/\/iwann-old.uma.es\/2021\/index.php?rest_route=\/wp\/v2\/types\/page"}],"author":[{"embeddable":true,"href":"http:\/\/iwann-old.uma.es\/2021\/index.php?rest_route=\/wp\/v2\/users\/2"}],"replies":[{"embeddable":true,"href":"http:\/\/iwann-old.uma.es\/2021\/index.php?rest_route=%2Fwp%2Fv2%2Fcomments&post=1302"}],"version-history":[{"count":8,"href":"http:\/\/iwann-old.uma.es\/2021\/index.php?rest_route=\/wp\/v2\/pages\/1302\/revisions"}],"predecessor-version":[{"id":1352,"href":"http:\/\/iwann-old.uma.es\/2021\/index.php?rest_route=\/wp\/v2\/pages\/1302\/revisions\/1352"}],"wp:attachment":[{"href":"http:\/\/iwann-old.uma.es\/2021\/index.php?rest_route=%2Fwp%2Fv2%2Fmedia&parent=1302"}],"curies":[{"name":"wp","href":"https:\/\/api.w.org\/{rel}","templated":true}]}}