{"id":1184,"date":"2021-03-17T20:55:49","date_gmt":"2021-03-17T19:55:49","guid":{"rendered":"http:\/\/iwann.uma.es\/2021\/?page_id=1184"},"modified":"2021-03-31T10:00:51","modified_gmt":"2021-03-31T08:00:51","slug":"abstracts1","status":"publish","type":"page","link":"http:\/\/iwann-old.uma.es\/2021\/?page_id=1184","title":{"rendered":"Abstract S1"},"content":{"rendered":"\t\t<div data-elementor-type=\"wp-page\" data-elementor-id=\"1184\" class=\"elementor elementor-1184\" data-elementor-settings=\"[]\">\n\t\t\t\t\t\t<div class=\"elementor-inner\">\n\t\t\t\t\t\t\t<div class=\"elementor-section-wrap\">\n\t\t\t\t\t\t\t<section class=\"elementor-section elementor-top-section elementor-element elementor-element-4e937b3f elementor-section-boxed elementor-section-height-default elementor-section-height-default\" data-id=\"4e937b3f\" data-element_type=\"section\">\n\t\t\t\t\t\t<div class=\"elementor-container elementor-column-gap-default\">\n\t\t\t\t\t\t\t<div class=\"elementor-row\">\n\t\t\t\t\t<div class=\"elementor-column elementor-col-100 elementor-top-column elementor-element elementor-element-3d37367e\" data-id=\"3d37367e\" data-element_type=\"column\">\n\t\t\t<div class=\"elementor-column-wrap elementor-element-populated\">\n\t\t\t\t\t\t\t<div class=\"elementor-widget-wrap\">\n\t\t\t\t\t\t<div class=\"elementor-element elementor-element-7dbb21d2 elementor-widget elementor-widget-text-editor\" data-id=\"7dbb21d2\" data-element_type=\"widget\" data-widget_type=\"text-editor.default\">\n\t\t\t\t<div class=\"elementor-widget-container\">\n\t\t\t\t\t\t\t\t<div class=\"elementor-text-editor elementor-clearfix\">\n\t\t\t\t<h1 style=\"text-align: center;\">S1: Agent-based models for policy design towards a more sustainable world<br><\/h1>\n<h2 style=\"text-align: center;\">Amparo Alonso-Betanzos<br>Bertha Guijarro-Berdi\u00f1as<br>Noelia S\u00e1nchez-Maro\u00f1o<br>Alejandro Rodr\u00edguez-Arias<br><\/h2>\n<h3 style=\"text-align: center;\">Universidade da Coru\u00f1a, Spain<\/h3>\n<h2 style=\"text-align: center;\">Abstract<\/h2>\n<p style=\"text-align: justify;\">Agent-based models (ABM) are powerful computational models that are able to simulate the actions and interactions of autonomous entities named agents in real-world problems. As these models are able to exhibit complex and emergent behavior patterns, they can provide valuable information about the dynamics of the emulated real-world problem being modeled that go beyond the behavior of the individual components of the model. During the last years, the social sciences have made common use of ABMs to simulate social phenomena in order to understand and predict basic aspects of social behavior. In this way, these models support the implementation and testing of different probable scenarios that allow useful conclusions to be drawn to guide the design of adequate policies promoting more sustainable behaviors. In this special session we call for innovative and high-quality papers describing both theoretical and practical approaches in this interdisciplinary topic, aiming at further insights and exploration in the field.<\/p>\t\t\t\t\t<\/div>\n\t\t\t\t\t\t<\/div>\n\t\t\t\t<\/div>\n\t\t\t\t\t\t<\/div>\n\t\t\t\t\t<\/div>\n\t\t<\/div>\n\t\t\t\t\t\t\t\t<\/div>\n\t\t\t\t\t<\/div>\n\t\t<\/section>\n\t\t\t\t\t\t<\/div>\n\t\t\t\t\t\t<\/div>\n\t\t\t\t\t<\/div>\n\t\t","protected":false},"excerpt":{"rendered":"<p>S1: Agent-based models for policy design towards a more sustainable world Amparo Alonso-Betanzos Bertha Guijarro-Berdi\u00f1as Noelia S\u00e1nchez-Maro\u00f1o Alejandro Rodr\u00edguez-Arias Universidade da Coru\u00f1a, Spain Abstract Agent-based models (ABM) are powerful computational models that are able to simulate the actions and interactions of autonomous entities named agents in real-world problems. As these models are able to exhibit <a href=\"http:\/\/iwann-old.uma.es\/2021\/?page_id=1184\" rel=\"nofollow\"><span class=\"sr-only\">Read more about Abstract S1<\/span>[&hellip;]<\/a><\/p>\n","protected":false},"author":2,"featured_media":0,"parent":0,"menu_order":0,"comment_status":"closed","ping_status":"closed","template":"","meta":[],"_links":{"self":[{"href":"http:\/\/iwann-old.uma.es\/2021\/index.php?rest_route=\/wp\/v2\/pages\/1184"}],"collection":[{"href":"http:\/\/iwann-old.uma.es\/2021\/index.php?rest_route=\/wp\/v2\/pages"}],"about":[{"href":"http:\/\/iwann-old.uma.es\/2021\/index.php?rest_route=\/wp\/v2\/types\/page"}],"author":[{"embeddable":true,"href":"http:\/\/iwann-old.uma.es\/2021\/index.php?rest_route=\/wp\/v2\/users\/2"}],"replies":[{"embeddable":true,"href":"http:\/\/iwann-old.uma.es\/2021\/index.php?rest_route=%2Fwp%2Fv2%2Fcomments&post=1184"}],"version-history":[{"count":9,"href":"http:\/\/iwann-old.uma.es\/2021\/index.php?rest_route=\/wp\/v2\/pages\/1184\/revisions"}],"predecessor-version":[{"id":1350,"href":"http:\/\/iwann-old.uma.es\/2021\/index.php?rest_route=\/wp\/v2\/pages\/1184\/revisions\/1350"}],"wp:attachment":[{"href":"http:\/\/iwann-old.uma.es\/2021\/index.php?rest_route=%2Fwp%2Fv2%2Fmedia&parent=1184"}],"curies":[{"name":"wp","href":"https:\/\/api.w.org\/{rel}","templated":true}]}}